{"id":46,"date":"2015-01-09T12:48:33","date_gmt":"2015-01-09T12:48:33","guid":{"rendered":"http:\/\/pinna.fi\/wp\/?page_id=46"},"modified":"2023-08-17T12:25:52","modified_gmt":"2023-08-17T12:25:52","slug":"pinna-2","status":"publish","type":"page","link":"http:\/\/pinna.fi\/wp\/","title":{"rendered":"Pinna"},"content":{"rendered":"<p>Pinna Ohjauspalvelut on jyv\u00e4skyl\u00e4l\u00e4inen palveluntuottaja, joka toimii koko Keski-Suomen alueella.<\/p>\n<p>Pinna tuottaa yli 10 vuoden kokemuksella sosiaali-, kuntoutus- ja kasvatusalan palveluita hyvinvointialueelle ja organisaatioille.<\/p>\n<p>Pinnan lastensuojelun palvelut ovat laitosymp\u00e4rist\u00f6n ulkopuolella toteutettavia innovatiivisia ja monimuotoisia tukipalveluita. Kuntoutuspalvelumme ovat nuorille aikuisille suunnattuja toimintakyky\u00e4 vahvistavia tuki- ja ohjauspalveluja.<\/p>\n","protected":false},"excerpt":{"rendered":"<p>Pinna Ohjauspalvelut on jyv\u00e4skyl\u00e4l\u00e4inen palveluntuottaja, joka toimii koko Keski-Suomen alueella. Pinna tuottaa yli 10 vuoden kokemuksella sosiaali-, kuntoutus- ja kasvatusalan palveluita hyvinvointialueelle ja organisaatioille. Pinnan lastensuojelun palvelut ovat laitosymp\u00e4rist\u00f6n ulkopuolella toteutettavia innovatiivisia ja monimuotoisia tukipalveluita. Kuntoutuspalvelumme ovat nuorille aikuisille suunnattuja toimintakyky\u00e4 vahvistavia tuki- ja ohjauspalveluja.<\/p>\n","protected":false},"author":1,"featured_media":0,"parent":0,"menu_order":0,"comment_status":"open","ping_status":"open","template":"","meta":{"footnotes":""},"class_list":["post-46","page","type-page","status-publish","czr-hentry"],"_links":{"self":[{"href":"http:\/\/pinna.fi\/wp\/wp-json\/wp\/v2\/pages\/46","targetHints":{"allow":["GET"]}}],"collection":[{"href":"http:\/\/pinna.fi\/wp\/wp-json\/wp\/v2\/pages"}],"about":[{"href":"http:\/\/pinna.fi\/wp\/wp-json\/wp\/v2\/types\/page"}],"author":[{"embeddable":true,"href":"http:\/\/pinna.fi\/wp\/wp-json\/wp\/v2\/users\/1"}],"replies":[{"embeddable":true,"href":"http:\/\/pinna.fi\/wp\/wp-json\/wp\/v2\/comments?post=46"}],"version-history":[{"count":11,"href":"http:\/\/pinna.fi\/wp\/wp-json\/wp\/v2\/pages\/46\/revisions"}],"predecessor-version":[{"id":89,"href":"http:\/\/pinna.fi\/wp\/wp-json\/wp\/v2\/pages\/46\/revisions\/89"}],"wp:attachment":[{"href":"http:\/\/pinna.fi\/wp\/wp-json\/wp\/v2\/media?parent=46"}],"curies":[{"name":"wp","href":"https:\/\/api.w.org\/{rel}","templated":true}]}}